{"id":3305,"date":"2023-07-10T15:11:18","date_gmt":"2023-07-10T15:11:18","guid":{"rendered":"https:\/\/kalorstufe.com\/kontakt\/"},"modified":"2025-02-11T16:04:01","modified_gmt":"2025-02-11T16:04:01","slug":"kontakt","status":"publish","type":"page","link":"https:\/\/kalorstufe.com\/de\/kontakt\/","title":{"rendered":"Kontakt"},"content":{"rendered":"\t\t<div data-elementor-type=\"wp-page\" data-elementor-id=\"3305\" class=\"elementor elementor-3305 elementor-646\" data-elementor-post-type=\"page\">\n\t\t\t\t<div class=\"elementor-element elementor-element-47ea05b e-flex e-con-boxed e-con e-parent\" data-id=\"47ea05b\" data-element_type=\"container\">\n\t\t\t\t\t<div class=\"e-con-inner\">\n\t\t<div class=\"elementor-element elementor-element-cfa3702 e-flex e-con-boxed e-con e-parent\" data-id=\"cfa3702\" data-element_type=\"container\">\n\t\t\t\t\t<div class=\"e-con-inner\">\n\t\t\t\t<div class=\"elementor-element elementor-element-3c7bf59 elementor-widget elementor-widget-heading\" data-id=\"3c7bf59\" data-element_type=\"widget\" data-widget_type=\"heading.default\">\n\t\t\t\t<div class=\"elementor-widget-container\">\n\t\t\t\t\t<h1 class=\"elementor-heading-title elementor-size-default\">Kontakt<\/h1>\t\t\t\t<\/div>\n\t\t\t\t<\/div>\n\t\t\t\t<div class=\"elementor-element elementor-element-ce839df elementor-widget elementor-widget-heading\" data-id=\"ce839df\" data-element_type=\"widget\" data-widget_type=\"heading.default\">\n\t\t\t\t<div class=\"elementor-widget-container\">\n\t\t\t\t\t<h4 class=\"elementor-heading-title elementor-size-default\">F\u00fcllen Sie das Formular aus, um weitere Informationen anzufordern. Wir werden uns so schnell wie m\u00f6glich mit Ihnen in Verbindung setzen. <\/h4>\t\t\t\t<\/div>\n\t\t\t\t<\/div>\n\t\t\t\t<div class=\"elementor-element elementor-element-db7ef5f elementor-widget elementor-widget-spacer\" data-id=\"db7ef5f\" data-element_type=\"widget\" data-widget_type=\"spacer.default\">\n\t\t\t\t<div class=\"elementor-widget-container\">\n\t\t\t\t\t\t\t<div class=\"elementor-spacer\">\n\t\t\t<div class=\"elementor-spacer-inner\"><\/div>\n\t\t<\/div>\n\t\t\t\t\t\t<\/div>\n\t\t\t\t<\/div>\n\t\t\t\t<div class=\"elementor-element elementor-element-42cea22 elementor-widget elementor-widget-elementskit-contact-form7\" data-id=\"42cea22\" data-element_type=\"widget\" data-widget_type=\"elementskit-contact-form7.default\">\n\t\t\t\t<div class=\"elementor-widget-container\">\n\t\t\t\t\t<div class=\"ekit-wid-con\" ><div class=\"ekit-form\">\n<div class=\"wpcf7 no-js\" id=\"wpcf7-f3316-p3305-o1\" lang=\"de-DE\" dir=\"ltr\" data-wpcf7-id=\"3316\">\n<div class=\"screen-reader-response\"><p role=\"status\" aria-live=\"polite\" aria-atomic=\"true\">Ein oder mehrere Felder sind fehlerhaft. Pr\u00fcfen Sie und versuchen Sie es erneut.<\/p> <ul><li id=\"wpcf7-f3316-p3305-o1-ve-your-company\">Bitte f\u00fcllen Sie dieses Feld aus.<\/li><\/ul><\/div>\n<form action=\"\/de\/kontakt\/#wpcf7-f3316-p3305-o1\" method=\"post\" class=\"wpcf7-form invalid\" aria-label=\"Kontaktformular\" novalidate=\"novalidate\" data-status=\"invalid\">\n<fieldset class=\"hidden-fields-container\"><input type=\"hidden\" name=\"_wpcf7\" value=\"3316\" \/><input type=\"hidden\" name=\"_wpcf7_version\" value=\"6.1.3\" \/><input type=\"hidden\" name=\"_wpcf7_locale\" value=\"de_DE\" \/><input type=\"hidden\" name=\"_wpcf7_unit_tag\" value=\"wpcf7-f3316-p3305-o1\" \/><input type=\"hidden\" name=\"_wpcf7_container_post\" value=\"3305\" \/><input type=\"hidden\" name=\"_wpcf7_posted_data_hash\" value=\"\" \/><input type=\"hidden\" name=\"_wpcf7_recaptcha_response\" value=\"\" \/>\n<\/fieldset>\n<div class=\"content-column one_half\">\n\t<p><span class=\"wpcf7-form-control-wrap\" data-name=\"your-company\"><input size=\"40\" maxlength=\"400\" class=\"wpcf7-form-control wpcf7-text wpcf7-validates-as-required wpcf7-not-valid\" aria-required=\"true\" aria-invalid=\"true\" aria-describedby=\"wpcf7-f3316-p3305-o1-ve-your-company\" placeholder=\"Firmenname *\" value=\"\" type=\"text\" name=\"your-company\" \/><span class=\"wpcf7-not-valid-tip\" aria-hidden=\"true\">Bitte f\u00fcllen Sie dieses Feld aus.<\/span><\/span>\n\t<\/p>\n<\/div>\n<div class=\"content-column one_half last\">\n\t<p><span class=\"wpcf7-form-control-wrap\" data-name=\"your-name\"><input size=\"40\" maxlength=\"400\" class=\"wpcf7-form-control wpcf7-text wpcf7-validates-as-required\" aria-required=\"true\" aria-invalid=\"false\" placeholder=\"Vorname und Nachname *\" value=\"Alex Walder\" type=\"text\" name=\"your-name\" \/><\/span>\n\t<\/p>\n<\/div>\n<div class=\"content-column one_half\">\n\t<p><span class=\"wpcf7-form-control-wrap\" data-name=\"your-email\"><input size=\"40\" maxlength=\"400\" class=\"wpcf7-form-control wpcf7-email wpcf7-validates-as-required wpcf7-text wpcf7-validates-as-email\" aria-required=\"true\" aria-invalid=\"false\" placeholder=\"Email *\" value=\"alex.walder@bluewin.ch\" type=\"email\" name=\"your-email\" \/><\/span>\n\t<\/p>\n<\/div>\n<div class=\"content-column one_half last\">\n\t<p><span class=\"wpcf7-form-control-wrap\" data-name=\"your-phone\"><input size=\"40\" maxlength=\"400\" class=\"wpcf7-form-control wpcf7-text wpcf7-validates-as-required\" aria-required=\"true\" aria-invalid=\"false\" placeholder=\"Telefon *\" value=\"0767239945\" type=\"text\" name=\"your-phone\" \/><\/span>\n\t<\/p>\n<\/div>\n<div class=\"content-column one_half\">\n\t<p><span class=\"wpcf7-form-control-wrap\" data-name=\"your-subject\"><input size=\"40\" maxlength=\"400\" class=\"wpcf7-form-control wpcf7-text wpcf7-validates-as-required\" aria-required=\"true\" aria-invalid=\"false\" placeholder=\"Thema *\" value=\"Kalor Mia 16c \/ Zertifikate f\u00fcr Baugesuch\" type=\"text\" name=\"your-subject\" \/><\/span>\n\t<\/p>\n<\/div>\n<div class=\"content-column one_half last\">\n\t<p><span class=\"wpcf7-form-control-wrap\" data-name=\"your-city\"><input size=\"40\" maxlength=\"400\" class=\"wpcf7-form-control wpcf7-text wpcf7-validates-as-required\" aria-required=\"true\" aria-invalid=\"false\" placeholder=\"Stadt *\" value=\"W\u00e4denswil\" type=\"text\" name=\"your-city\" \/><\/span>\n\t<\/p>\n<\/div>\n<div class=\"content-column\">\n\t<p><span class=\"wpcf7-form-control-wrap\" data-name=\"your-message\"><textarea cols=\"40\" rows=\"10\" maxlength=\"2000\" class=\"wpcf7-form-control wpcf7-textarea\" aria-invalid=\"false\" placeholder=\"Nachricht...\" name=\"your-message\">Guten Tag\r\n \r\nIch m\u00f6chte den Kalor Pelletofen Mia 16c in meinem Haus einbauen. Dazu muss ich bei meiner Gemeinde ein Baugesuch einreichen. Ich ben\u00f6tige alle Unterlagen f\u00fcr ein Baugesuch (CH), inkl. Brandschutz und Konformit\u00e4t. k\u00f6nnen Sie mir diese zeitnah zusenden?\r\n \r\nCE-Konformit\u00e4tserkl\u00e4rung\r\nBrandschutzzertifikat \/ Pr\u00fcfbericht (EN-Normen)\r\nTechnisches Datenblatt\r\nInstallationsanleitung\r\nLeistungserkl\u00e4rung (DoP)\r\n \r\nBesten Dank zum Voraus\r\n \r\nmfg \r\nAlex Walder\r\nGr\u00fcentalstrasse 15\r\n8820 W\u00e4denswil\r\nSchweiz\r\n \r\n+41 76 723 99 45<\/textarea><\/span>\n\t<\/p>\n\t<div class=\"content-column\">\n\t\t<p><span class=\"wpcf7-form-control-wrap\" data-name=\"acceptance-966\"><span class=\"wpcf7-form-control wpcf7-acceptance\"><span class=\"wpcf7-list-item\"><label><input type=\"checkbox\" name=\"acceptance-966\" value=\"1\" aria-invalid=\"false\" \/><span class=\"wpcf7-list-item-label\">Nach den erhaltenen<a style=\"font-weight:bold\" href=\"\/privacy-policy\/\" color:=\"\">Informationen<\/a> gebe ich meine Zustimmung zur Verarbeitung meiner pers\u00f6nlichen Daten.<\/span><\/label><\/span><\/span><\/span>\n\t\t<\/p>\n\t<\/div>\n\t<div class=\"content-column\">\n\t\t<p><input class=\"wpcf7-form-control wpcf7-submit has-spinner btn btn-accent\" type=\"submit\" value=\"INVIA\" \/>\n\t\t<\/p>\n\t<\/div>\n<\/div><div class=\"wpcf7-response-output\" aria-hidden=\"true\">Ein oder mehrere Felder sind fehlerhaft. Pr\u00fcfen Sie und versuchen Sie es erneut.<\/div>\n<\/form>\n<\/div>\n<\/div><\/div>\t\t\t\t<\/div>\n\t\t\t\t<\/div>\n\t\t\t\t\t<\/div>\n\t\t\t\t<\/div>\n\t\t\t\t\t<\/div>\n\t\t\t\t<\/div>\n\t\t<div class=\"elementor-element elementor-element-aae1fd5 e-flex e-con-boxed e-con e-parent\" data-id=\"aae1fd5\" data-element_type=\"container\">\n\t\t\t\t\t<div class=\"e-con-inner\">\n\t\t<div class=\"elementor-element elementor-element-e04557b e-flex e-con-boxed e-con e-parent\" data-id=\"e04557b\" data-element_type=\"container\">\n\t\t\t\t\t<div class=\"e-con-inner\">\n\t\t\t\t<div class=\"elementor-element elementor-element-c825b56 elementor-widget elementor-widget-text-editor\" data-id=\"c825b56\" data-element_type=\"widget\" data-widget_type=\"text-editor.default\">\n\t\t\t\t<div class=\"elementor-widget-container\">\n\t\t\t\t\t\t\t\t\t<p><iframe style=\"border: 0;\" src=\"https:\/\/www.google.com\/maps\/embed?pb=!1m18!1m12!1m3!1d2787.308607109567!2d11.398722613120349!3d45.68477847095783!2m3!1f0!2f0!3f0!3m2!1i1024!2i768!4f13.1!3m3!1m2!1s0x4778b44534079c21%3A0xa03e434968d9b199!2sAMG%20Spa!5e0!3m2!1sit!2sit!4v1689065545840!5m2!1sit!2sit\" width=\"600\" height=\"450\" allowfullscreen=\"allowfullscreen\"><\/iframe><\/p>\n\t\t\t\t\t\t\t\t<\/div>\n\t\t\t\t<\/div>\n\t\t\t\t\t<\/div>\n\t\t\t\t<\/div>\n\t\t<div class=\"elementor-element elementor-element-dcc67ca e-flex e-con-boxed e-con e-parent\" data-id=\"dcc67ca\" data-element_type=\"container\">\n\t\t\t\t\t<div class=\"e-con-inner\">\n\t\t\t\t<div class=\"elementor-element elementor-element-ce01ac2 elementor-widget elementor-widget-text-editor\" data-id=\"ce01ac2\" data-element_type=\"widget\" data-widget_type=\"text-editor.default\">\n\t\t\t\t<div class=\"elementor-widget-container\">\n\t\t\t\t\t\t\t\t\tVia Delle Arti e Dei Mestieri, n\u00b0 1\/3\nSan Vito di Leguzzano, Vicenza Veneto, Italia\n\n<br><strong>Orari<\/strong>: h24<br><br><br><strong>Seguici sui social:<\/strong><br>instagram<br>facebook\t\t\t\t\t\t\t\t<\/div>\n\t\t\t\t<\/div>\n\t\t\t\t\t<\/div>\n\t\t\t\t<\/div>\n\t\t\t\t\t<\/div>\n\t\t\t\t<\/div>\n\t\t\t\t<\/div>\n\t\t","protected":false},"excerpt":{"rendered":"<p>Kontakt F\u00fcllen Sie das Formular aus, um weitere Informationen anzufordern. Wir werden uns so schnell wie m\u00f6glich mit Ihnen in Verbindung setzen. A seguito dell\u2019informativa ricevuta fornisco il consenso al trattamento dei miei dati personali. Via Delle Arti e Dei Mestieri, n\u00b0 1\/3 San Vito di Leguzzano, Vicenza Veneto, Italia Orari: h24 Seguici sui social:instagramfacebook<\/p>\n","protected":false},"author":1,"featured_media":0,"parent":0,"menu_order":0,"comment_status":"closed","ping_status":"closed","template":"elementor_header_footer","meta":{"_acf_changed":false,"footnotes":""},"class_list":["post-3305","page","type-page","status-publish","hentry"],"acf":[],"yoast_head":"<!-- This site is optimized with the Yoast SEO plugin v26.3 - https:\/\/yoast.com\/wordpress\/plugins\/seo\/ -->\n<title>Kontakt - Kalor stufe<\/title>\n<meta name=\"robots\" content=\"index, follow, max-snippet:-1, max-image-preview:large, max-video-preview:-1\" \/>\n<link rel=\"canonical\" href=\"https:\/\/kalorstufe.com\/de\/kontakt\/\" \/>\n<meta property=\"og:locale\" content=\"de_DE\" \/>\n<meta property=\"og:type\" content=\"article\" \/>\n<meta property=\"og:title\" content=\"Kontakt - Kalor stufe\" \/>\n<meta property=\"og:description\" content=\"Kontakt F\u00fcllen Sie das Formular aus, um weitere Informationen anzufordern. Wir werden uns so schnell wie m\u00f6glich mit Ihnen in Verbindung setzen. A seguito dell\u2019informativa ricevuta fornisco il consenso al trattamento dei miei dati personali. Via Delle Arti e Dei Mestieri, n\u00b0 1\/3 San Vito di Leguzzano, Vicenza Veneto, Italia Orari: h24 Seguici sui social:instagramfacebook\" \/>\n<meta property=\"og:url\" content=\"https:\/\/kalorstufe.com\/de\/kontakt\/\" \/>\n<meta property=\"og:site_name\" content=\"Kalor stufe\" \/>\n<meta property=\"article:modified_time\" content=\"2025-02-11T16:04:01+00:00\" \/>\n<meta name=\"twitter:card\" content=\"summary_large_image\" \/>\n<script type=\"application\/ld+json\" class=\"yoast-schema-graph\">{\"@context\":\"https:\/\/schema.org\",\"@graph\":[{\"@type\":\"WebPage\",\"@id\":\"https:\/\/kalorstufe.com\/de\/kontakt\/\",\"url\":\"https:\/\/kalorstufe.com\/de\/kontakt\/\",\"name\":\"Kontakt - Kalor stufe\",\"isPartOf\":{\"@id\":\"https:\/\/kalorstufe.com\/de\/#website\"},\"datePublished\":\"2023-07-10T15:11:18+00:00\",\"dateModified\":\"2025-02-11T16:04:01+00:00\",\"breadcrumb\":{\"@id\":\"https:\/\/kalorstufe.com\/de\/kontakt\/#breadcrumb\"},\"inLanguage\":\"de\",\"potentialAction\":[{\"@type\":\"ReadAction\",\"target\":[\"https:\/\/kalorstufe.com\/de\/kontakt\/\"]}]},{\"@type\":\"BreadcrumbList\",\"@id\":\"https:\/\/kalorstufe.com\/de\/kontakt\/#breadcrumb\",\"itemListElement\":[{\"@type\":\"ListItem\",\"position\":1,\"name\":\"Home\",\"item\":\"https:\/\/kalorstufe.com\/de\/\"},{\"@type\":\"ListItem\",\"position\":2,\"name\":\"Kontakt\"}]},{\"@type\":\"WebSite\",\"@id\":\"https:\/\/kalorstufe.com\/de\/#website\",\"url\":\"https:\/\/kalorstufe.com\/de\/\",\"name\":\"Kalor stufe\",\"description\":\"Brand di stufe e caldaie a pellet e legna\",\"publisher\":{\"@id\":\"https:\/\/kalorstufe.com\/de\/#organization\"},\"potentialAction\":[{\"@type\":\"SearchAction\",\"target\":{\"@type\":\"EntryPoint\",\"urlTemplate\":\"https:\/\/kalorstufe.com\/de\/?s={search_term_string}\"},\"query-input\":{\"@type\":\"PropertyValueSpecification\",\"valueRequired\":true,\"valueName\":\"search_term_string\"}}],\"inLanguage\":\"de\"},{\"@type\":\"Organization\",\"@id\":\"https:\/\/kalorstufe.com\/de\/#organization\",\"name\":\"Kalor stufe\",\"url\":\"https:\/\/kalorstufe.com\/de\/\",\"logo\":{\"@type\":\"ImageObject\",\"inLanguage\":\"de\",\"@id\":\"https:\/\/kalorstufe.com\/de\/#\/schema\/logo\/image\/\",\"url\":\"https:\/\/kalorstufe.com\/wp-content\/uploads\/2022\/07\/logo-kalor-white.png\",\"contentUrl\":\"https:\/\/kalorstufe.com\/wp-content\/uploads\/2022\/07\/logo-kalor-white.png\",\"width\":391,\"height\":130,\"caption\":\"Kalor stufe\"},\"image\":{\"@id\":\"https:\/\/kalorstufe.com\/de\/#\/schema\/logo\/image\/\"}}]}<\/script>\n<!-- \/ Yoast SEO plugin. -->","yoast_head_json":{"title":"Kontakt - Kalor stufe","robots":{"index":"index","follow":"follow","max-snippet":"max-snippet:-1","max-image-preview":"max-image-preview:large","max-video-preview":"max-video-preview:-1"},"canonical":"https:\/\/kalorstufe.com\/de\/kontakt\/","og_locale":"de_DE","og_type":"article","og_title":"Kontakt - Kalor stufe","og_description":"Kontakt F\u00fcllen Sie das Formular aus, um weitere Informationen anzufordern. Wir werden uns so schnell wie m\u00f6glich mit Ihnen in Verbindung setzen. A seguito dell\u2019informativa ricevuta fornisco il consenso al trattamento dei miei dati personali. Via Delle Arti e Dei Mestieri, n\u00b0 1\/3 San Vito di Leguzzano, Vicenza Veneto, Italia Orari: h24 Seguici sui social:instagramfacebook","og_url":"https:\/\/kalorstufe.com\/de\/kontakt\/","og_site_name":"Kalor stufe","article_modified_time":"2025-02-11T16:04:01+00:00","twitter_card":"summary_large_image","schema":{"@context":"https:\/\/schema.org","@graph":[{"@type":"WebPage","@id":"https:\/\/kalorstufe.com\/de\/kontakt\/","url":"https:\/\/kalorstufe.com\/de\/kontakt\/","name":"Kontakt - Kalor stufe","isPartOf":{"@id":"https:\/\/kalorstufe.com\/de\/#website"},"datePublished":"2023-07-10T15:11:18+00:00","dateModified":"2025-02-11T16:04:01+00:00","breadcrumb":{"@id":"https:\/\/kalorstufe.com\/de\/kontakt\/#breadcrumb"},"inLanguage":"de","potentialAction":[{"@type":"ReadAction","target":["https:\/\/kalorstufe.com\/de\/kontakt\/"]}]},{"@type":"BreadcrumbList","@id":"https:\/\/kalorstufe.com\/de\/kontakt\/#breadcrumb","itemListElement":[{"@type":"ListItem","position":1,"name":"Home","item":"https:\/\/kalorstufe.com\/de\/"},{"@type":"ListItem","position":2,"name":"Kontakt"}]},{"@type":"WebSite","@id":"https:\/\/kalorstufe.com\/de\/#website","url":"https:\/\/kalorstufe.com\/de\/","name":"Kalor stufe","description":"Brand di stufe e caldaie a pellet e legna","publisher":{"@id":"https:\/\/kalorstufe.com\/de\/#organization"},"potentialAction":[{"@type":"SearchAction","target":{"@type":"EntryPoint","urlTemplate":"https:\/\/kalorstufe.com\/de\/?s={search_term_string}"},"query-input":{"@type":"PropertyValueSpecification","valueRequired":true,"valueName":"search_term_string"}}],"inLanguage":"de"},{"@type":"Organization","@id":"https:\/\/kalorstufe.com\/de\/#organization","name":"Kalor stufe","url":"https:\/\/kalorstufe.com\/de\/","logo":{"@type":"ImageObject","inLanguage":"de","@id":"https:\/\/kalorstufe.com\/de\/#\/schema\/logo\/image\/","url":"https:\/\/kalorstufe.com\/wp-content\/uploads\/2022\/07\/logo-kalor-white.png","contentUrl":"https:\/\/kalorstufe.com\/wp-content\/uploads\/2022\/07\/logo-kalor-white.png","width":391,"height":130,"caption":"Kalor stufe"},"image":{"@id":"https:\/\/kalorstufe.com\/de\/#\/schema\/logo\/image\/"}}]}},"_links":{"self":[{"href":"https:\/\/kalorstufe.com\/de\/wp-json\/wp\/v2\/pages\/3305","targetHints":{"allow":["GET"]}}],"collection":[{"href":"https:\/\/kalorstufe.com\/de\/wp-json\/wp\/v2\/pages"}],"about":[{"href":"https:\/\/kalorstufe.com\/de\/wp-json\/wp\/v2\/types\/page"}],"author":[{"embeddable":true,"href":"https:\/\/kalorstufe.com\/de\/wp-json\/wp\/v2\/users\/1"}],"replies":[{"embeddable":true,"href":"https:\/\/kalorstufe.com\/de\/wp-json\/wp\/v2\/comments?post=3305"}],"version-history":[{"count":1,"href":"https:\/\/kalorstufe.com\/de\/wp-json\/wp\/v2\/pages\/3305\/revisions"}],"predecessor-version":[{"id":3306,"href":"https:\/\/kalorstufe.com\/de\/wp-json\/wp\/v2\/pages\/3305\/revisions\/3306"}],"wp:attachment":[{"href":"https:\/\/kalorstufe.com\/de\/wp-json\/wp\/v2\/media?parent=3305"}],"curies":[{"name":"wp","href":"https:\/\/api.w.org\/{rel}","templated":true}]}}