{"id":1920,"date":"2023-08-03T09:10:53","date_gmt":"2023-08-03T09:10:53","guid":{"rendered":"https:\/\/kalorstufe.com\/lavora-con-noi\/"},"modified":"2023-09-05T13:01:46","modified_gmt":"2023-09-05T13:01:46","slug":"travailler-avec-nous","status":"publish","type":"page","link":"https:\/\/kalorstufe.com\/fr\/travailler-avec-nous\/","title":{"rendered":"Travailler avec nous"},"content":{"rendered":"\t\t<div data-elementor-type=\"wp-page\" data-elementor-id=\"1920\" class=\"elementor elementor-1920 elementor-1236\" data-elementor-post-type=\"page\">\n\t\t\t\t<div class=\"elementor-element elementor-element-47ea05b e-flex e-con-boxed e-con e-parent\" data-id=\"47ea05b\" data-element_type=\"container\">\n\t\t\t\t\t<div class=\"e-con-inner\">\n\t\t<div class=\"elementor-element elementor-element-cfa3702 e-flex e-con-boxed e-con e-parent\" data-id=\"cfa3702\" data-element_type=\"container\">\n\t\t\t\t\t<div class=\"e-con-inner\">\n\t\t\t\t<div class=\"elementor-element elementor-element-3c7bf59 elementor-widget elementor-widget-heading\" data-id=\"3c7bf59\" data-element_type=\"widget\" data-widget_type=\"heading.default\">\n\t\t\t\t<div class=\"elementor-widget-container\">\n\t\t\t\t\t<h1 class=\"elementor-heading-title elementor-size-default\">Travailler avec nous<\/h1>\t\t\t\t<\/div>\n\t\t\t\t<\/div>\n\t\t\t\t<div class=\"elementor-element elementor-element-ce839df elementor-widget elementor-widget-heading\" data-id=\"ce839df\" data-element_type=\"widget\" data-widget_type=\"heading.default\">\n\t\t\t\t<div class=\"elementor-widget-container\">\n\t\t\t\t\t<h4 class=\"elementor-heading-title elementor-size-default\">Remplissez le formulaire pour demander plus d'informations, nous vous r\u00e9pondrons dans les plus brefs d\u00e9lais.<\/h4>\t\t\t\t<\/div>\n\t\t\t\t<\/div>\n\t\t\t\t<div class=\"elementor-element elementor-element-db7ef5f elementor-widget elementor-widget-spacer\" data-id=\"db7ef5f\" data-element_type=\"widget\" data-widget_type=\"spacer.default\">\n\t\t\t\t<div class=\"elementor-widget-container\">\n\t\t\t\t\t\t\t<div class=\"elementor-spacer\">\n\t\t\t<div class=\"elementor-spacer-inner\"><\/div>\n\t\t<\/div>\n\t\t\t\t\t\t<\/div>\n\t\t\t\t<\/div>\n\t\t\t\t<div class=\"elementor-element elementor-element-42cea22 elementor-widget elementor-widget-elementskit-contact-form7\" data-id=\"42cea22\" data-element_type=\"widget\" data-widget_type=\"elementskit-contact-form7.default\">\n\t\t\t\t<div class=\"elementor-widget-container\">\n\t\t\t\t\t<div class=\"ekit-wid-con\" ><div class=\"ekit-form\">\n<div class=\"wpcf7 no-js\" id=\"wpcf7-f1913-p1920-o1\" lang=\"fr-FR\" dir=\"ltr\" data-wpcf7-id=\"1913\">\n<div class=\"screen-reader-response\"><p role=\"status\" aria-live=\"polite\" aria-atomic=\"true\"><\/p> <ul><\/ul><\/div>\n<form action=\"\/fr\/travailler-avec-nous\/#wpcf7-f1913-p1920-o1\" method=\"post\" class=\"wpcf7-form init\" aria-label=\"Formulaire de contact\" novalidate=\"novalidate\" data-status=\"init\">\n<fieldset class=\"hidden-fields-container\"><input type=\"hidden\" name=\"_wpcf7\" value=\"1913\" \/><input type=\"hidden\" name=\"_wpcf7_version\" value=\"6.1.3\" \/><input type=\"hidden\" name=\"_wpcf7_locale\" value=\"fr_FR\" \/><input type=\"hidden\" name=\"_wpcf7_unit_tag\" value=\"wpcf7-f1913-p1920-o1\" \/><input type=\"hidden\" name=\"_wpcf7_container_post\" value=\"1920\" \/><input type=\"hidden\" name=\"_wpcf7_posted_data_hash\" value=\"\" \/><input type=\"hidden\" name=\"_wpcf7_recaptcha_response\" value=\"\" \/>\n<\/fieldset>\n<div class=\"content-column one_half\">\n\t<p><span class=\"wpcf7-form-control-wrap\" data-name=\"your-name\"><input size=\"40\" maxlength=\"400\" class=\"wpcf7-form-control wpcf7-text wpcf7-validates-as-required\" aria-required=\"true\" aria-invalid=\"false\" placeholder=\"Nom *\" value=\"\" type=\"text\" name=\"your-name\" \/><\/span>\n\t<\/p>\n<\/div>\n<div class=\"content-column one_half last\">\n\t<p><span class=\"wpcf7-form-control-wrap\" data-name=\"your-surname\"><input size=\"40\" maxlength=\"400\" class=\"wpcf7-form-control wpcf7-text wpcf7-validates-as-required\" aria-required=\"true\" aria-invalid=\"false\" placeholder=\"Nom de famille *\" value=\"\" type=\"text\" name=\"your-surname\" \/><\/span>\n\t<\/p>\n<\/div>\n<div class=\"content-column one_half\">\n\t<p><span class=\"wpcf7-form-control-wrap\" data-name=\"your-email\"><input size=\"40\" maxlength=\"400\" class=\"wpcf7-form-control wpcf7-email wpcf7-validates-as-required wpcf7-text wpcf7-validates-as-email\" aria-required=\"true\" aria-invalid=\"false\" placeholder=\"Email *\" value=\"\" type=\"email\" name=\"your-email\" \/><\/span>\n\t<\/p>\n<\/div>\n<div class=\"content-column one_half last\">\n\t<p><span class=\"wpcf7-form-control-wrap\" data-name=\"your-phone\"><input size=\"40\" maxlength=\"400\" class=\"wpcf7-form-control wpcf7-text wpcf7-validates-as-required\" aria-required=\"true\" aria-invalid=\"false\" placeholder=\"T\u00e9l\u00e9phone *\" value=\"\" type=\"text\" name=\"your-phone\" \/><\/span>\n\t<\/p>\n<\/div>\n<div class=\"content-column one_half\">\n\t<p><span class=\"wpcf7-form-control-wrap\" data-name=\"your-subject\"><input size=\"40\" maxlength=\"400\" class=\"wpcf7-form-control wpcf7-text wpcf7-validates-as-required\" aria-required=\"true\" aria-invalid=\"false\" placeholder=\"Objet *\" value=\"\" type=\"text\" name=\"your-subject\" \/><\/span>\n\t<\/p>\n<\/div>\n<div class=\"content-column one_half last\">\n\t<p><span class=\"wpcf7-form-control-wrap\" data-name=\"your-city\"><input size=\"40\" maxlength=\"400\" class=\"wpcf7-form-control wpcf7-text wpcf7-validates-as-required\" aria-required=\"true\" aria-invalid=\"false\" placeholder=\"Villes *\" value=\"\" type=\"text\" name=\"your-city\" \/><\/span>\n\t<\/p>\n<\/div>\n<div class=\"content-column\">\n\t<p><span class=\"wpcf7-form-control-wrap\" data-name=\"your-message\"><textarea cols=\"40\" rows=\"10\" maxlength=\"2000\" class=\"wpcf7-form-control wpcf7-textarea\" aria-invalid=\"false\" placeholder=\"Message...\" name=\"your-message\"><\/textarea><\/span>\n\t<\/p>\n\t<div class=\"content-column\">\n\t\t<p><span class=\"wpcf7-form-control-wrap\" data-name=\"acceptance-966\"><span class=\"wpcf7-form-control wpcf7-acceptance\"><span class=\"wpcf7-list-item\"><label><input type=\"checkbox\" name=\"acceptance-966\" value=\"1\" aria-invalid=\"false\" \/><span class=\"wpcf7-list-item-label\">Suite \u00e0 l'<a style=\"font-weight:bold\" \"font color:#fffff\" href=\"\/privacy-policy\/\">information<\/a> r\u00e9c\u00e9piss\u00e9 Je donne mon consentement au traitement de mes donn\u00e9es personnelles.<\/span><\/label><\/span><\/span><\/span>\n\t\t<\/p>\n\t<\/div>\n\t<div class=\"content-column\">\n\t\t<p><input class=\"wpcf7-form-control wpcf7-submit has-spinner btn btn-accent\" type=\"submit\" value=\"ENVOYER\" \/>\n\t\t<\/p>\n\t<\/div>\n<\/div><div class=\"wpcf7-response-output\" aria-hidden=\"true\"><\/div>\n<\/form>\n<\/div>\n<\/div><\/div>\t\t\t\t<\/div>\n\t\t\t\t<\/div>\n\t\t\t\t\t<\/div>\n\t\t\t\t<\/div>\n\t\t\t\t\t<\/div>\n\t\t\t\t<\/div>\n\t\t<div class=\"elementor-element elementor-element-aae1fd5 e-flex e-con-boxed e-con e-parent\" data-id=\"aae1fd5\" data-element_type=\"container\">\n\t\t\t\t\t<div class=\"e-con-inner\">\n\t\t<div class=\"elementor-element elementor-element-e04557b e-flex e-con-boxed e-con e-parent\" data-id=\"e04557b\" data-element_type=\"container\">\n\t\t\t\t\t<div class=\"e-con-inner\">\n\t\t\t\t<div class=\"elementor-element elementor-element-c825b56 elementor-widget elementor-widget-text-editor\" data-id=\"c825b56\" data-element_type=\"widget\" data-widget_type=\"text-editor.default\">\n\t\t\t\t<div class=\"elementor-widget-container\">\n\t\t\t\t\t\t\t\t\t<p><iframe style=\"border: 0;\" src=\"https:\/\/www.google.com\/maps\/embed?pb=!1m18!1m12!1m3!1d2787.308607109567!2d11.398722613120349!3d45.68477847095783!2m3!1f0!2f0!3f0!3m2!1i1024!2i768!4f13.1!3m3!1m2!1s0x4778b44534079c21%3A0xa03e434968d9b199!2sAMG%20Spa!5e0!3m2!1sit!2sit!4v1689065545840!5m2!1sit!2sit\" width=\"600\" height=\"450\" allowfullscreen=\"allowfullscreen\"><\/iframe><\/p>\n\t\t\t\t\t\t\t\t<\/div>\n\t\t\t\t<\/div>\n\t\t\t\t\t<\/div>\n\t\t\t\t<\/div>\n\t\t<div class=\"elementor-element elementor-element-dcc67ca e-flex e-con-boxed e-con e-parent\" data-id=\"dcc67ca\" data-element_type=\"container\">\n\t\t\t\t\t<div class=\"e-con-inner\">\n\t\t\t\t<div class=\"elementor-element elementor-element-ce01ac2 elementor-widget elementor-widget-text-editor\" data-id=\"ce01ac2\" data-element_type=\"widget\" data-widget_type=\"text-editor.default\">\n\t\t\t\t<div class=\"elementor-widget-container\">\n\t\t\t\t\t\t\t\t\tVia Delle Arti e Dei Mestieri, n\u00b0 1\/3\nSan Vito di Leguzzano, Vicenza Veneto, Italia<br><br>\n\n<strong>Calendrier<\/strong>: h24<br><br>\n\n<strong>Suivez-nous sur les r\u00e9seaux sociaux:<\/strong><br>\ninstagram<br>\nfacebook\t\t\t\t\t\t\t\t<\/div>\n\t\t\t\t<\/div>\n\t\t\t\t\t<\/div>\n\t\t\t\t<\/div>\n\t\t\t\t\t<\/div>\n\t\t\t\t<\/div>\n\t\t\t\t<\/div>\n\t\t","protected":false},"excerpt":{"rendered":"<p>Travailler avec nous Remplissez le formulaire pour demander plus d&rsquo;informations, nous vous r\u00e9pondrons dans les plus brefs d\u00e9lais. A seguito dell\u2019informativa ricevuta fornisco il consenso al trattamento dei miei dati personali. Via Delle Arti e Dei Mestieri, n\u00b0 1\/3 San Vito di Leguzzano, Vicenza Veneto, Italia Calendrier: h24 Suivez-nous sur les r\u00e9seaux sociaux: instagram facebook<\/p>\n","protected":false},"author":1,"featured_media":0,"parent":0,"menu_order":0,"comment_status":"closed","ping_status":"closed","template":"elementor_header_footer","meta":{"_acf_changed":false,"footnotes":""},"class_list":["post-1920","page","type-page","status-publish","hentry"],"acf":[],"yoast_head":"<!-- This site is optimized with the Yoast SEO plugin v26.3 - https:\/\/yoast.com\/wordpress\/plugins\/seo\/ -->\n<title>Travailler avec nous - Kalor stufe<\/title>\n<meta name=\"robots\" content=\"index, follow, max-snippet:-1, max-image-preview:large, max-video-preview:-1\" \/>\n<link rel=\"canonical\" href=\"https:\/\/kalorstufe.com\/fr\/travailler-avec-nous\/\" \/>\n<meta property=\"og:locale\" content=\"fr_FR\" \/>\n<meta property=\"og:type\" content=\"article\" \/>\n<meta property=\"og:title\" content=\"Travailler avec nous - Kalor stufe\" \/>\n<meta property=\"og:description\" content=\"Travailler avec nous Remplissez le formulaire pour demander plus d&rsquo;informations, nous vous r\u00e9pondrons dans les plus brefs d\u00e9lais. A seguito dell\u2019informativa ricevuta fornisco il consenso al trattamento dei miei dati personali. Via Delle Arti e Dei Mestieri, n\u00b0 1\/3 San Vito di Leguzzano, Vicenza Veneto, Italia Calendrier: h24 Suivez-nous sur les r\u00e9seaux sociaux: instagram facebook\" \/>\n<meta property=\"og:url\" content=\"https:\/\/kalorstufe.com\/fr\/travailler-avec-nous\/\" \/>\n<meta property=\"og:site_name\" content=\"Kalor stufe\" \/>\n<meta property=\"article:modified_time\" content=\"2023-09-05T13:01:46+00:00\" \/>\n<meta name=\"twitter:card\" content=\"summary_large_image\" \/>\n<meta name=\"twitter:label1\" content=\"Dur\u00e9e de lecture estim\u00e9e\" \/>\n\t<meta name=\"twitter:data1\" content=\"1 minute\" \/>\n<script type=\"application\/ld+json\" class=\"yoast-schema-graph\">{\"@context\":\"https:\/\/schema.org\",\"@graph\":[{\"@type\":\"WebPage\",\"@id\":\"https:\/\/kalorstufe.com\/fr\/travailler-avec-nous\/\",\"url\":\"https:\/\/kalorstufe.com\/fr\/travailler-avec-nous\/\",\"name\":\"Travailler avec nous - Kalor stufe\",\"isPartOf\":{\"@id\":\"https:\/\/kalorstufe.com\/fr\/#website\"},\"datePublished\":\"2023-08-03T09:10:53+00:00\",\"dateModified\":\"2023-09-05T13:01:46+00:00\",\"breadcrumb\":{\"@id\":\"https:\/\/kalorstufe.com\/fr\/travailler-avec-nous\/#breadcrumb\"},\"inLanguage\":\"fr-FR\",\"potentialAction\":[{\"@type\":\"ReadAction\",\"target\":[\"https:\/\/kalorstufe.com\/fr\/travailler-avec-nous\/\"]}]},{\"@type\":\"BreadcrumbList\",\"@id\":\"https:\/\/kalorstufe.com\/fr\/travailler-avec-nous\/#breadcrumb\",\"itemListElement\":[{\"@type\":\"ListItem\",\"position\":1,\"name\":\"Home\",\"item\":\"https:\/\/kalorstufe.com\/fr\/\"},{\"@type\":\"ListItem\",\"position\":2,\"name\":\"Travailler avec nous\"}]},{\"@type\":\"WebSite\",\"@id\":\"https:\/\/kalorstufe.com\/fr\/#website\",\"url\":\"https:\/\/kalorstufe.com\/fr\/\",\"name\":\"Kalor stufe\",\"description\":\"Brand di stufe e caldaie a pellet e legna\",\"publisher\":{\"@id\":\"https:\/\/kalorstufe.com\/fr\/#organization\"},\"potentialAction\":[{\"@type\":\"SearchAction\",\"target\":{\"@type\":\"EntryPoint\",\"urlTemplate\":\"https:\/\/kalorstufe.com\/fr\/?s={search_term_string}\"},\"query-input\":{\"@type\":\"PropertyValueSpecification\",\"valueRequired\":true,\"valueName\":\"search_term_string\"}}],\"inLanguage\":\"fr-FR\"},{\"@type\":\"Organization\",\"@id\":\"https:\/\/kalorstufe.com\/fr\/#organization\",\"name\":\"Kalor stufe\",\"url\":\"https:\/\/kalorstufe.com\/fr\/\",\"logo\":{\"@type\":\"ImageObject\",\"inLanguage\":\"fr-FR\",\"@id\":\"https:\/\/kalorstufe.com\/fr\/#\/schema\/logo\/image\/\",\"url\":\"https:\/\/kalorstufe.com\/wp-content\/uploads\/2022\/07\/logo-kalor-white.png\",\"contentUrl\":\"https:\/\/kalorstufe.com\/wp-content\/uploads\/2022\/07\/logo-kalor-white.png\",\"width\":391,\"height\":130,\"caption\":\"Kalor stufe\"},\"image\":{\"@id\":\"https:\/\/kalorstufe.com\/fr\/#\/schema\/logo\/image\/\"}}]}<\/script>\n<!-- \/ Yoast SEO plugin. -->","yoast_head_json":{"title":"Travailler avec nous - Kalor stufe","robots":{"index":"index","follow":"follow","max-snippet":"max-snippet:-1","max-image-preview":"max-image-preview:large","max-video-preview":"max-video-preview:-1"},"canonical":"https:\/\/kalorstufe.com\/fr\/travailler-avec-nous\/","og_locale":"fr_FR","og_type":"article","og_title":"Travailler avec nous - Kalor stufe","og_description":"Travailler avec nous Remplissez le formulaire pour demander plus d&rsquo;informations, nous vous r\u00e9pondrons dans les plus brefs d\u00e9lais. A seguito dell\u2019informativa ricevuta fornisco il consenso al trattamento dei miei dati personali. Via Delle Arti e Dei Mestieri, n\u00b0 1\/3 San Vito di Leguzzano, Vicenza Veneto, Italia Calendrier: h24 Suivez-nous sur les r\u00e9seaux sociaux: instagram facebook","og_url":"https:\/\/kalorstufe.com\/fr\/travailler-avec-nous\/","og_site_name":"Kalor stufe","article_modified_time":"2023-09-05T13:01:46+00:00","twitter_card":"summary_large_image","twitter_misc":{"Dur\u00e9e de lecture estim\u00e9e":"1 minute"},"schema":{"@context":"https:\/\/schema.org","@graph":[{"@type":"WebPage","@id":"https:\/\/kalorstufe.com\/fr\/travailler-avec-nous\/","url":"https:\/\/kalorstufe.com\/fr\/travailler-avec-nous\/","name":"Travailler avec nous - Kalor stufe","isPartOf":{"@id":"https:\/\/kalorstufe.com\/fr\/#website"},"datePublished":"2023-08-03T09:10:53+00:00","dateModified":"2023-09-05T13:01:46+00:00","breadcrumb":{"@id":"https:\/\/kalorstufe.com\/fr\/travailler-avec-nous\/#breadcrumb"},"inLanguage":"fr-FR","potentialAction":[{"@type":"ReadAction","target":["https:\/\/kalorstufe.com\/fr\/travailler-avec-nous\/"]}]},{"@type":"BreadcrumbList","@id":"https:\/\/kalorstufe.com\/fr\/travailler-avec-nous\/#breadcrumb","itemListElement":[{"@type":"ListItem","position":1,"name":"Home","item":"https:\/\/kalorstufe.com\/fr\/"},{"@type":"ListItem","position":2,"name":"Travailler avec nous"}]},{"@type":"WebSite","@id":"https:\/\/kalorstufe.com\/fr\/#website","url":"https:\/\/kalorstufe.com\/fr\/","name":"Kalor stufe","description":"Brand di stufe e caldaie a pellet e legna","publisher":{"@id":"https:\/\/kalorstufe.com\/fr\/#organization"},"potentialAction":[{"@type":"SearchAction","target":{"@type":"EntryPoint","urlTemplate":"https:\/\/kalorstufe.com\/fr\/?s={search_term_string}"},"query-input":{"@type":"PropertyValueSpecification","valueRequired":true,"valueName":"search_term_string"}}],"inLanguage":"fr-FR"},{"@type":"Organization","@id":"https:\/\/kalorstufe.com\/fr\/#organization","name":"Kalor stufe","url":"https:\/\/kalorstufe.com\/fr\/","logo":{"@type":"ImageObject","inLanguage":"fr-FR","@id":"https:\/\/kalorstufe.com\/fr\/#\/schema\/logo\/image\/","url":"https:\/\/kalorstufe.com\/wp-content\/uploads\/2022\/07\/logo-kalor-white.png","contentUrl":"https:\/\/kalorstufe.com\/wp-content\/uploads\/2022\/07\/logo-kalor-white.png","width":391,"height":130,"caption":"Kalor stufe"},"image":{"@id":"https:\/\/kalorstufe.com\/fr\/#\/schema\/logo\/image\/"}}]}},"_links":{"self":[{"href":"https:\/\/kalorstufe.com\/fr\/wp-json\/wp\/v2\/pages\/1920","targetHints":{"allow":["GET"]}}],"collection":[{"href":"https:\/\/kalorstufe.com\/fr\/wp-json\/wp\/v2\/pages"}],"about":[{"href":"https:\/\/kalorstufe.com\/fr\/wp-json\/wp\/v2\/types\/page"}],"author":[{"embeddable":true,"href":"https:\/\/kalorstufe.com\/fr\/wp-json\/wp\/v2\/users\/1"}],"replies":[{"embeddable":true,"href":"https:\/\/kalorstufe.com\/fr\/wp-json\/wp\/v2\/comments?post=1920"}],"version-history":[{"count":3,"href":"https:\/\/kalorstufe.com\/fr\/wp-json\/wp\/v2\/pages\/1920\/revisions"}],"predecessor-version":[{"id":2184,"href":"https:\/\/kalorstufe.com\/fr\/wp-json\/wp\/v2\/pages\/1920\/revisions\/2184"}],"wp:attachment":[{"href":"https:\/\/kalorstufe.com\/fr\/wp-json\/wp\/v2\/media?parent=1920"}],"curies":[{"name":"wp","href":"https:\/\/api.w.org\/{rel}","templated":true}]}}