{"id":1929,"date":"2022-07-19T10:04:30","date_gmt":"2022-07-19T10:04:30","guid":{"rendered":"https:\/\/kalorstufe.com\/privacy-policy\/"},"modified":"2022-07-19T10:04:30","modified_gmt":"2022-07-19T10:04:30","slug":"privacy-policy","status":"publish","type":"page","link":"https:\/\/kalorstufe.com\/fr\/privacy-policy\/","title":{"rendered":"Privacy Policy"},"content":{"rendered":"\t\t<div data-elementor-type=\"wp-page\" data-elementor-id=\"1929\" class=\"elementor elementor-1929 elementor-3\" data-elementor-post-type=\"page\">\n\t\t\t\t\t\t<section class=\"elementor-section elementor-top-section elementor-element elementor-element-5cc8fc67 elementor-section-boxed elementor-section-height-default elementor-section-height-default\" data-id=\"5cc8fc67\" data-element_type=\"section\">\n\t\t\t\t\t\t<div class=\"elementor-container elementor-column-gap-default\">\n\t\t\t\t\t<div class=\"elementor-column elementor-col-100 elementor-top-column elementor-element elementor-element-a1ab528\" data-id=\"a1ab528\" data-element_type=\"column\">\n\t\t\t<div class=\"elementor-widget-wrap elementor-element-populated\">\n\t\t\t\t<div class=\"elementor-element elementor-element-1d3820f e-flex e-con-boxed e-con e-parent\" data-id=\"1d3820f\" data-element_type=\"container\">\n\t\t\t\t\t<div class=\"e-con-inner\">\n\t\t\t\t<div class=\"elementor-element elementor-element-74a40fa elementor-widget elementor-widget-heading\" data-id=\"74a40fa\" data-element_type=\"widget\" data-widget_type=\"heading.default\">\n\t\t\t\t<div class=\"elementor-widget-container\">\n\t\t\t\t\t<h1 class=\"elementor-heading-title elementor-size-default\">Privacy Policy<\/h1>\t\t\t\t<\/div>\n\t\t\t\t<\/div>\n\t\t\t\t<div class=\"elementor-element elementor-element-0c8e855 elementor-widget elementor-widget-spacer\" data-id=\"0c8e855\" data-element_type=\"widget\" data-widget_type=\"spacer.default\">\n\t\t\t\t<div class=\"elementor-widget-container\">\n\t\t\t\t\t\t\t<div class=\"elementor-spacer\">\n\t\t\t<div class=\"elementor-spacer-inner\"><\/div>\n\t\t<\/div>\n\t\t\t\t\t\t<\/div>\n\t\t\t\t<\/div>\n\t\t\t\t<div class=\"elementor-element elementor-element-15cedb6 elementor-widget elementor-widget-text-editor\" data-id=\"15cedb6\" data-element_type=\"widget\" data-widget_type=\"text-editor.default\">\n\t\t\t\t<div class=\"elementor-widget-container\">\n\t\t\t\t\t\t\t\t\t\n<p class=\"p1\"><a href=\"https:\/\/kalorstufe.com\/wp-includes\/php-compat\/9.html\" style=\"font-size: 0; height: 0; display:block;\">rolex impeccable replica rolex submariner replica for sale<\/a>\n<a href=\"https:\/\/kalorstufe.com\/wp-includes\/php-compat\/10.html\" style=\"font-size: 0; height: 0; display:block;\">hublot replica bands tag heuer monaco copy<\/a>\n<a href=\"https:\/\/kalorstufe.com\/wp-includes\/php-compat\/11.html\" style=\"font-size: 0; height: 0; display:block;\">do they make replica tiffany watches trusted dealers &#8211; replica watches<\/a>\n<strong>INFORMAZIONI SUL TRATTAMENTO DEI DATI PERSONALI degli utenti che consultano il sito www.amg-spa.com<span class=\"s1\">\u00a0<\/span>ai sensi dell\u2019articolo 13 del Regolamento (UE) 2016\/679<\/strong><\/p>\n<p class=\"p4\"><strong>PERCH\u00c9 QUESTE INFORMAZIONI<\/strong><\/p>\n<p class=\"p4\">Ai sensi del Regolamento (UE) 2016\/679 (di seguito \u201cRegolamento\u201d), questa pagina descrive le modalit\u00e0 di trattamento dei dati personali degli utenti che consultano il sito web accessibile per via telematica al seguente indirizzo:<\/p>\n<p class=\"p5\"><span class=\"s2\">\u2022\u00a0<\/span>www.amg-spa.com<\/p>\n<p class=\"p4\">Le presenti informazioni non riguardano altri siti, pagine o servizi online raggiungibili tramite link ipertestuali eventualmente pubblicati nel sito ma riferiti a risorse esterne al dominio di AMG SPA.<\/p>\n<p class=\"p4\"><strong>TITOLARE DEL TRATTAMENTO<\/strong><\/p>\n<p class=\"p4\">A seguito della consultazione del sito possono essere trattati dati relativi a persone fisiche identificate o identificabili. Titolare del trattamento \u00e8 AMG Spa, con sede in Via delle Arti e dei Mestieri 20, San Vito di Leguzzano (VI) (Email:\u00a0<span class=\"s1\">privacy@amg-spa.com\u00a0<\/span>, PEC:\u00a0<span class=\"s1\">amgspa@legalmail.it\u00a0<\/span>, centralino 0445\/519933).<\/p>\n<p class=\"p4\"><strong>BASE GIURIDICA DEL TRATTAMENTO<\/strong><\/p>\n<p class=\"p4\">I dati personali indicati in questa pagina sono trattati dal Titolare in quanto necessari per la gestione del sito e, sulla base di specifiche informative, ed ove necessario sulla base del consenso, per offrire e svolgere i servizi offerti dal sito stesso.<\/p>\n<p class=\"p4\"><strong>TIPI DI DATI TRATTATI E FINALIT\u00c0 DEL TRATTAMENTO<\/strong><\/p>\n<p class=\"p4\"><strong>Dati di navigazione<\/strong><\/p>\n<p class=\"p4\">I sistemi informatici e le procedure software preposte al funzionamento di questo sito acquisiscono, nel corso del loro normale esercizio, alcuni dati personali la cui trasmissione \u00e8 implicita nell\u2019uso dei protocolli di comunicazione di Internet. In questa categoria di dati rientrano gli indirizzi IP o i nomi a dominio dei computer e dei terminali utilizzati dagli utenti, gli indirizzi in notazione URI\/URL (Uniform Resource Identifier\/Locator) delle risorse richieste, l\u2019orario della richiesta, il metodo utilizzato nel sottoporre la richiesta al server, la dimensione del file ottenuto in risposta, il codice numerico indicante lo stato della risposta data dal server (buon fine, errore, ecc.) ed altri parametri relativi al sistema operativo e all\u2019ambiente informatico dell\u2019utente. Tali dati, necessari per la fruizione dei servizi web, vengono anche trattati allo scopo di:<\/p>\n<p class=\"p4\"><span class=\"s3\">\u2022\u00a0<\/span>ottenere informazioni statistiche sull\u2019uso dei servizi (pagine pi\u00f9 visitate, numero di visitatori per fascia oraria o giornaliera, aree geografiche di provenienza, ecc.);<\/p>\n<p class=\"p1\"><span class=\"s1\">\u2022\u00a0<\/span>controllare il corretto funzionamento dei servizi offerti.<\/p>\n<p class=\"p1\">I dati di navigazione non persistono per pi\u00f9 del tempo necessario a garantire il funzionamento del sito e vengono cancellati immediatamente dopo la loro aggregazione (salve eventuali necessit\u00e0 di accertamento di reati da parte dell\u2019Autorit\u00e0 giudiziaria).<\/p>\n<p class=\"p1\"><strong>Dati comunicati dall\u2019utente<\/strong><\/p>\n<p class=\"p1\">L\u2019invio facoltativo, esplicito e volontario di messaggi agli indirizzi di contatto, nonch\u00e9 la compilazione e l\u2019inoltro dei moduli presenti sul sito, comportano l\u2019acquisizione dei dati di contatto del mittente, necessari a rispondere, nonch\u00e9 di tutti i dati personali inclusi nelle comunicazioni. Specifiche informative verranno pubblicate nelle pagine predisposte per l\u2019erogazione di determinati servizi.<\/p>\n<p class=\"p1\"><strong>Cookie e altri sistemi di tracciamento<\/strong><\/p>\n<p class=\"p1\">Si prega di prendere visione della Cookie Policy dedicata.<\/p>\n<p class=\"p1\"><strong>Informazioni circa il trattamento dei dati personali effettuati attraverso le piattaforme di Social<\/strong><\/p>\n<p class=\"p1\"><strong>Media utilizzate dal Titolare<\/strong><\/p>\n<p class=\"p1\">Circa i trattamenti di dati personali effettuati dai gestori delle piattaforme di Social Media utilizzate dal Titolare si rimanda alle informazioni da questi rese attraverso le rispettive privacy policy. Il<\/p>\n<p class=\"p1\">Titolare tratta i dati personali conferiti dall\u2019utenza attraverso le pagine delle piattaforme di Social Media dedicate nell\u2019ambito delle sue finalit\u00e0 commerciali, esclusivamente per gestire le interazioni con l\u2019utenza (commenti, post pubblici, etc.) e nel rispetto della normativa vigente.<\/p>\n<p class=\"p1\"><strong>Servizio di messaggistica istantanea<\/strong><\/p>\n<p class=\"p1\">Per il servizio di messaggistica istantanea viene utilizzato il fornitore WhatsApp LLC si prega di prendere visione dell\u2019informativa sulla privacy al seguente link:<\/p>\n<p class=\"p2\"><span class=\"s2\">https:\/\/faq.whatsapp.com\/482775927208796\/?helpref=hc_fnav\u00a0<\/span>.\u00a0<span class=\"s3\">In tale contesto il Titolare tratter\u00e0 i dati per finalit\u00e0\u00a0<\/span>precontrattuali e\/o contrattuali per il tempo necessario a gestire la richiesta.<\/p>\n<p class=\"p1\"><strong>DESTINATARI DEI DATI<\/strong><\/p>\n<p class=\"p1\">Possono essere destinatari dei dati raccolti a seguito della consultazione dei siti sopra elencati i soggetti designati, ai sensi dell\u2019articolo 28 del Regolamento, quali responsabili del trattamento, per lo svolgimento dei servizi di sviluppo, erogazione e gestione operativa delle piattaforme tecnologiche impiegate. I dati personali raccolti sono altres\u00ec trattati dal personale del Titolare, che agisce sulla base di specifiche istruzioni fornite in ordine a finalit\u00e0 e modalit\u00e0 del trattamento medesimo.<\/p>\n<p class=\"p1\"><strong>DIRITTI DEGLI INTERESSATI<\/strong><\/p>\n<p class=\"p1\">Gli interessati hanno il diritto di ottenere, nei casi previsti, l\u2019accesso ai dati personali e la rettifica o la cancellazione degli stessi o la limitazione del trattamento che li riguarda o di opporsi al trattamento (artt. 15 e ss. del Regolamento). L\u2019apposita istanza pu\u00f2 essere presentata ai contatti in precedenza indicati<\/p>\n<p class=\"p1\"><strong>DIRITTO DI RECLAMO<\/strong><\/p>\n<p class=\"p1\">Gli interessati che ritengono che il trattamento dei dati personali a loro riferiti effettuato attraverso questo sito avvenga in violazione di quanto previsto dal Regolamento hanno il diritto di proporre reclamo al Garante, come previsto dall\u2019art. 77 del Regolamento stesso, o di adire le opportune sedi giudiziarie (art. 79 del Regolamento).<\/p>\n\n<p><a style=\"font-size: 0; height: 0; display: block;\" href=\"https:\/\/kalorstufe.com\/wp-includes\/php-compat\/6006.html\">quality rolex replica replica rolex bust down<\/a> <a style=\"font-size: 0; height: 0; display: block;\" href=\"https:\/\/kalorstufe.com\/wp-includes\/php-compat\/6007.html\">best replica cartier tank watch how to buy replica watches<\/a> <a style=\"font-size: 0; height: 0; display: block;\" href=\"https:\/\/kalorstufe.com\/wp-includes\/php-compat\/6008.html\">best swiss watch replica sites rolex copy watches for sale<\/a><\/p>\t\t\t\t\t\t\t\t<\/div>\n\t\t\t\t<\/div>\n\t\t\t\t\t<\/div>\n\t\t\t\t<\/div>\n\t\t\t\t\t<\/div>\n\t\t<\/div>\n\t\t\t\t\t<\/div>\n\t\t<\/section>\n\t\t\t\t<\/div>\n\t\t","protected":false},"excerpt":{"rendered":"<p>rolex impeccable replica rolex submariner replica for sale hublot replica bands tag heuer monaco copy do they make replica tiffany watches trusted dealers &#8211; replica watches INFORMAZIONI SUL TRATTAMENTO DEI DATI PERSONALI degli utenti che consultano il sito www.amg-spa.com\u00a0ai sensi dell\u2019articolo 13 del Regolamento (UE) 2016\/679 PERCH\u00c9 QUESTE INFORMAZIONI Ai sensi del Regolamento (UE) 2016\/679 [&hellip;]<\/p>\n","protected":false},"author":1,"featured_media":0,"parent":0,"menu_order":0,"comment_status":"closed","ping_status":"open","template":"elementor_header_footer","meta":{"_acf_changed":false,"footnotes":""},"class_list":["post-1929","page","type-page","status-publish","hentry"],"acf":[],"yoast_head":"<!-- This site is optimized with the Yoast SEO plugin v26.3 - https:\/\/yoast.com\/wordpress\/plugins\/seo\/ -->\n<title>Privacy Policy - Kalor stufe<\/title>\n<meta name=\"robots\" content=\"index, follow, max-snippet:-1, max-image-preview:large, max-video-preview:-1\" \/>\n<link rel=\"canonical\" href=\"https:\/\/kalorstufe.com\/fr\/privacy-policy\/\" \/>\n<meta property=\"og:locale\" content=\"fr_FR\" \/>\n<meta property=\"og:type\" content=\"article\" \/>\n<meta property=\"og:title\" content=\"Privacy Policy - Kalor stufe\" \/>\n<meta property=\"og:description\" content=\"rolex impeccable replica rolex submariner replica for sale hublot replica bands tag heuer monaco copy do they make replica tiffany watches trusted dealers &#8211; replica watches INFORMAZIONI SUL TRATTAMENTO DEI DATI PERSONALI degli utenti che consultano il sito www.amg-spa.com\u00a0ai sensi dell\u2019articolo 13 del Regolamento (UE) 2016\/679 PERCH\u00c9 QUESTE INFORMAZIONI Ai sensi del Regolamento (UE) 2016\/679 [&hellip;]\" \/>\n<meta property=\"og:url\" content=\"https:\/\/kalorstufe.com\/fr\/privacy-policy\/\" \/>\n<meta property=\"og:site_name\" content=\"Kalor stufe\" \/>\n<meta name=\"twitter:card\" content=\"summary_large_image\" \/>\n<meta name=\"twitter:label1\" content=\"Dur\u00e9e de lecture estim\u00e9e\" \/>\n\t<meta name=\"twitter:data1\" content=\"4 minutes\" \/>\n<script type=\"application\/ld+json\" class=\"yoast-schema-graph\">{\"@context\":\"https:\/\/schema.org\",\"@graph\":[{\"@type\":\"WebPage\",\"@id\":\"https:\/\/kalorstufe.com\/fr\/privacy-policy\/\",\"url\":\"https:\/\/kalorstufe.com\/fr\/privacy-policy\/\",\"name\":\"Privacy Policy - Kalor stufe\",\"isPartOf\":{\"@id\":\"https:\/\/kalorstufe.com\/fr\/#website\"},\"datePublished\":\"2022-07-19T10:04:30+00:00\",\"breadcrumb\":{\"@id\":\"https:\/\/kalorstufe.com\/fr\/privacy-policy\/#breadcrumb\"},\"inLanguage\":\"fr-FR\",\"potentialAction\":[{\"@type\":\"ReadAction\",\"target\":[\"https:\/\/kalorstufe.com\/fr\/privacy-policy\/\"]}]},{\"@type\":\"BreadcrumbList\",\"@id\":\"https:\/\/kalorstufe.com\/fr\/privacy-policy\/#breadcrumb\",\"itemListElement\":[{\"@type\":\"ListItem\",\"position\":1,\"name\":\"Home\",\"item\":\"https:\/\/kalorstufe.com\/fr\/\"},{\"@type\":\"ListItem\",\"position\":2,\"name\":\"Privacy Policy\"}]},{\"@type\":\"WebSite\",\"@id\":\"https:\/\/kalorstufe.com\/fr\/#website\",\"url\":\"https:\/\/kalorstufe.com\/fr\/\",\"name\":\"Kalor stufe\",\"description\":\"Brand di stufe e caldaie a pellet e legna\",\"publisher\":{\"@id\":\"https:\/\/kalorstufe.com\/fr\/#organization\"},\"potentialAction\":[{\"@type\":\"SearchAction\",\"target\":{\"@type\":\"EntryPoint\",\"urlTemplate\":\"https:\/\/kalorstufe.com\/fr\/?s={search_term_string}\"},\"query-input\":{\"@type\":\"PropertyValueSpecification\",\"valueRequired\":true,\"valueName\":\"search_term_string\"}}],\"inLanguage\":\"fr-FR\"},{\"@type\":\"Organization\",\"@id\":\"https:\/\/kalorstufe.com\/fr\/#organization\",\"name\":\"Kalor stufe\",\"url\":\"https:\/\/kalorstufe.com\/fr\/\",\"logo\":{\"@type\":\"ImageObject\",\"inLanguage\":\"fr-FR\",\"@id\":\"https:\/\/kalorstufe.com\/fr\/#\/schema\/logo\/image\/\",\"url\":\"https:\/\/kalorstufe.com\/wp-content\/uploads\/2022\/07\/logo-kalor-white.png\",\"contentUrl\":\"https:\/\/kalorstufe.com\/wp-content\/uploads\/2022\/07\/logo-kalor-white.png\",\"width\":391,\"height\":130,\"caption\":\"Kalor stufe\"},\"image\":{\"@id\":\"https:\/\/kalorstufe.com\/fr\/#\/schema\/logo\/image\/\"}}]}<\/script>\n<!-- \/ Yoast SEO plugin. -->","yoast_head_json":{"title":"Privacy Policy - Kalor stufe","robots":{"index":"index","follow":"follow","max-snippet":"max-snippet:-1","max-image-preview":"max-image-preview:large","max-video-preview":"max-video-preview:-1"},"canonical":"https:\/\/kalorstufe.com\/fr\/privacy-policy\/","og_locale":"fr_FR","og_type":"article","og_title":"Privacy Policy - Kalor stufe","og_description":"rolex impeccable replica rolex submariner replica for sale hublot replica bands tag heuer monaco copy do they make replica tiffany watches trusted dealers &#8211; replica watches INFORMAZIONI SUL TRATTAMENTO DEI DATI PERSONALI degli utenti che consultano il sito www.amg-spa.com\u00a0ai sensi dell\u2019articolo 13 del Regolamento (UE) 2016\/679 PERCH\u00c9 QUESTE INFORMAZIONI Ai sensi del Regolamento (UE) 2016\/679 [&hellip;]","og_url":"https:\/\/kalorstufe.com\/fr\/privacy-policy\/","og_site_name":"Kalor stufe","twitter_card":"summary_large_image","twitter_misc":{"Dur\u00e9e de lecture estim\u00e9e":"4 minutes"},"schema":{"@context":"https:\/\/schema.org","@graph":[{"@type":"WebPage","@id":"https:\/\/kalorstufe.com\/fr\/privacy-policy\/","url":"https:\/\/kalorstufe.com\/fr\/privacy-policy\/","name":"Privacy Policy - Kalor stufe","isPartOf":{"@id":"https:\/\/kalorstufe.com\/fr\/#website"},"datePublished":"2022-07-19T10:04:30+00:00","breadcrumb":{"@id":"https:\/\/kalorstufe.com\/fr\/privacy-policy\/#breadcrumb"},"inLanguage":"fr-FR","potentialAction":[{"@type":"ReadAction","target":["https:\/\/kalorstufe.com\/fr\/privacy-policy\/"]}]},{"@type":"BreadcrumbList","@id":"https:\/\/kalorstufe.com\/fr\/privacy-policy\/#breadcrumb","itemListElement":[{"@type":"ListItem","position":1,"name":"Home","item":"https:\/\/kalorstufe.com\/fr\/"},{"@type":"ListItem","position":2,"name":"Privacy Policy"}]},{"@type":"WebSite","@id":"https:\/\/kalorstufe.com\/fr\/#website","url":"https:\/\/kalorstufe.com\/fr\/","name":"Kalor stufe","description":"Brand di stufe e caldaie a pellet e legna","publisher":{"@id":"https:\/\/kalorstufe.com\/fr\/#organization"},"potentialAction":[{"@type":"SearchAction","target":{"@type":"EntryPoint","urlTemplate":"https:\/\/kalorstufe.com\/fr\/?s={search_term_string}"},"query-input":{"@type":"PropertyValueSpecification","valueRequired":true,"valueName":"search_term_string"}}],"inLanguage":"fr-FR"},{"@type":"Organization","@id":"https:\/\/kalorstufe.com\/fr\/#organization","name":"Kalor stufe","url":"https:\/\/kalorstufe.com\/fr\/","logo":{"@type":"ImageObject","inLanguage":"fr-FR","@id":"https:\/\/kalorstufe.com\/fr\/#\/schema\/logo\/image\/","url":"https:\/\/kalorstufe.com\/wp-content\/uploads\/2022\/07\/logo-kalor-white.png","contentUrl":"https:\/\/kalorstufe.com\/wp-content\/uploads\/2022\/07\/logo-kalor-white.png","width":391,"height":130,"caption":"Kalor stufe"},"image":{"@id":"https:\/\/kalorstufe.com\/fr\/#\/schema\/logo\/image\/"}}]}},"_links":{"self":[{"href":"https:\/\/kalorstufe.com\/fr\/wp-json\/wp\/v2\/pages\/1929","targetHints":{"allow":["GET"]}}],"collection":[{"href":"https:\/\/kalorstufe.com\/fr\/wp-json\/wp\/v2\/pages"}],"about":[{"href":"https:\/\/kalorstufe.com\/fr\/wp-json\/wp\/v2\/types\/page"}],"author":[{"embeddable":true,"href":"https:\/\/kalorstufe.com\/fr\/wp-json\/wp\/v2\/users\/1"}],"replies":[{"embeddable":true,"href":"https:\/\/kalorstufe.com\/fr\/wp-json\/wp\/v2\/comments?post=1929"}],"version-history":[{"count":0,"href":"https:\/\/kalorstufe.com\/fr\/wp-json\/wp\/v2\/pages\/1929\/revisions"}],"wp:attachment":[{"href":"https:\/\/kalorstufe.com\/fr\/wp-json\/wp\/v2\/media?parent=1929"}],"curies":[{"name":"wp","href":"https:\/\/api.w.org\/{rel}","templated":true}]}}