{"id":3424,"date":"2023-07-10T15:11:18","date_gmt":"2023-07-10T15:11:18","guid":{"rendered":"https:\/\/kalorstufe.com\/contacto\/"},"modified":"2025-02-11T20:50:20","modified_gmt":"2025-02-11T20:50:20","slug":"contacto","status":"publish","type":"page","link":"https:\/\/kalorstufe.com\/pt-pt\/contacto\/","title":{"rendered":"Contacto"},"content":{"rendered":"\t\t<div data-elementor-type=\"wp-page\" data-elementor-id=\"3424\" class=\"elementor elementor-3424 elementor-646\" data-elementor-post-type=\"page\">\n\t\t\t\t<div class=\"elementor-element elementor-element-47ea05b e-flex e-con-boxed e-con e-parent\" data-id=\"47ea05b\" data-element_type=\"container\">\n\t\t\t\t\t<div class=\"e-con-inner\">\n\t\t<div class=\"elementor-element elementor-element-cfa3702 e-flex e-con-boxed e-con e-parent\" data-id=\"cfa3702\" data-element_type=\"container\">\n\t\t\t\t\t<div class=\"e-con-inner\">\n\t\t\t\t<div class=\"elementor-element elementor-element-3c7bf59 elementor-widget elementor-widget-heading\" data-id=\"3c7bf59\" data-element_type=\"widget\" data-widget_type=\"heading.default\">\n\t\t\t\t<div class=\"elementor-widget-container\">\n\t\t\t\t\t<h1 class=\"elementor-heading-title elementor-size-default\">Contacto<\/h1>\t\t\t\t<\/div>\n\t\t\t\t<\/div>\n\t\t\t\t<div class=\"elementor-element elementor-element-ce839df elementor-widget elementor-widget-heading\" data-id=\"ce839df\" data-element_type=\"widget\" data-widget_type=\"heading.default\">\n\t\t\t\t<div class=\"elementor-widget-container\">\n\t\t\t\t\t<h4 class=\"elementor-heading-title elementor-size-default\">Preenche o formul\u00e1rio para solicitar mais informa\u00e7\u00f5es, entraremos em contacto contigo o mais rapidamente poss\u00edvel  <\/h4>\t\t\t\t<\/div>\n\t\t\t\t<\/div>\n\t\t\t\t<div class=\"elementor-element elementor-element-db7ef5f elementor-widget elementor-widget-spacer\" data-id=\"db7ef5f\" data-element_type=\"widget\" data-widget_type=\"spacer.default\">\n\t\t\t\t<div class=\"elementor-widget-container\">\n\t\t\t\t\t\t\t<div class=\"elementor-spacer\">\n\t\t\t<div class=\"elementor-spacer-inner\"><\/div>\n\t\t<\/div>\n\t\t\t\t\t\t<\/div>\n\t\t\t\t<\/div>\n\t\t\t\t<div class=\"elementor-element elementor-element-42cea22 elementor-widget elementor-widget-elementskit-contact-form7\" data-id=\"42cea22\" data-element_type=\"widget\" data-widget_type=\"elementskit-contact-form7.default\">\n\t\t\t\t<div class=\"elementor-widget-container\">\n\t\t\t\t\t<div class=\"ekit-wid-con\" ><div class=\"ekit-form\">\n<div class=\"wpcf7 no-js\" id=\"wpcf7-f3431-p3424-o1\" lang=\"pt-PT\" dir=\"ltr\" data-wpcf7-id=\"3431\">\n<div class=\"screen-reader-response\"><p role=\"status\" aria-live=\"polite\" aria-atomic=\"true\"><\/p> <ul><\/ul><\/div>\n<form action=\"\/pt-pt\/contacto\/#wpcf7-f3431-p3424-o1\" method=\"post\" class=\"wpcf7-form init\" aria-label=\"Formul\u00e1rio de contacto\" novalidate=\"novalidate\" data-status=\"init\">\n<fieldset class=\"hidden-fields-container\"><input type=\"hidden\" name=\"_wpcf7\" value=\"3431\" \/><input type=\"hidden\" name=\"_wpcf7_version\" value=\"6.1.3\" \/><input type=\"hidden\" name=\"_wpcf7_locale\" value=\"pt_PT\" \/><input type=\"hidden\" name=\"_wpcf7_unit_tag\" value=\"wpcf7-f3431-p3424-o1\" \/><input type=\"hidden\" name=\"_wpcf7_container_post\" value=\"3424\" \/><input type=\"hidden\" name=\"_wpcf7_posted_data_hash\" value=\"\" \/><input type=\"hidden\" name=\"_wpcf7_recaptcha_response\" value=\"\" \/>\n<\/fieldset>\n<div class=\"content-column one_half\">\n\t<p><span class=\"wpcf7-form-control-wrap\" data-name=\"your-company\"><input size=\"40\" maxlength=\"400\" class=\"wpcf7-form-control wpcf7-text wpcf7-validates-as-required\" aria-required=\"true\" aria-invalid=\"false\" placeholder=\"Nome da empresa *\" value=\"\" type=\"text\" name=\"your-company\" \/><\/span>\n\t<\/p>\n<\/div>\n<div class=\"content-column one_half last\">\n\t<p><span class=\"wpcf7-form-control-wrap\" data-name=\"your-name\"><input size=\"40\" maxlength=\"400\" class=\"wpcf7-form-control wpcf7-text wpcf7-validates-as-required\" aria-required=\"true\" aria-invalid=\"false\" placeholder=\"Nome e apelido *\" value=\"\" type=\"text\" name=\"your-name\" \/><\/span>\n\t<\/p>\n<\/div>\n<div class=\"content-column one_half\">\n\t<p><span class=\"wpcf7-form-control-wrap\" data-name=\"your-email\"><input size=\"40\" maxlength=\"400\" class=\"wpcf7-form-control wpcf7-email wpcf7-validates-as-required wpcf7-text wpcf7-validates-as-email\" aria-required=\"true\" aria-invalid=\"false\" placeholder=\"Email *\" value=\"\" type=\"email\" name=\"your-email\" \/><\/span>\n\t<\/p>\n<\/div>\n<div class=\"content-column one_half last\">\n\t<p><span class=\"wpcf7-form-control-wrap\" data-name=\"your-phone\"><input size=\"40\" maxlength=\"400\" class=\"wpcf7-form-control wpcf7-text wpcf7-validates-as-required\" aria-required=\"true\" aria-invalid=\"false\" placeholder=\"Telefone *\" value=\"\" type=\"text\" name=\"your-phone\" \/><\/span>\n\t<\/p>\n<\/div>\n<div class=\"content-column one_half\">\n\t<p><span class=\"wpcf7-form-control-wrap\" data-name=\"your-subject\"><input size=\"40\" maxlength=\"400\" class=\"wpcf7-form-control wpcf7-text wpcf7-validates-as-required\" aria-required=\"true\" aria-invalid=\"false\" placeholder=\"Oggetto*\" value=\"\" type=\"text\" name=\"your-subject\" \/><\/span>\n\t<\/p>\n<\/div>\n<div class=\"content-column one_half last\">\n\t<p><span class=\"wpcf7-form-control-wrap\" data-name=\"your-city\"><input size=\"40\" maxlength=\"400\" class=\"wpcf7-form-control wpcf7-text wpcf7-validates-as-required\" aria-required=\"true\" aria-invalid=\"false\" placeholder=\"Cidade *\" value=\"\" type=\"text\" name=\"your-city\" \/><\/span>\n\t<\/p>\n<\/div>\n<div class=\"content-column\">\n\t<p><span class=\"wpcf7-form-control-wrap\" data-name=\"your-message\"><textarea cols=\"40\" rows=\"10\" maxlength=\"2000\" class=\"wpcf7-form-control wpcf7-textarea\" aria-invalid=\"false\" placeholder=\"Mensagem ...\" name=\"your-message\"><\/textarea><\/span>\n\t<\/p>\n\t<div class=\"content-column\">\n\t\t<p><span class=\"wpcf7-form-control-wrap\" data-name=\"acceptance-966\"><span class=\"wpcf7-form-control wpcf7-acceptance\"><span class=\"wpcf7-list-item\"><label><input type=\"checkbox\" name=\"acceptance-966\" value=\"1\" aria-invalid=\"false\" \/><span class=\"wpcf7-list-item-label\">Ap\u00f3s receber as <a style=\"font-weight:bold\" href=\"\/privacy-policy\/\" color:=\"\">informa\u00e7\u00f5es<\/a>, dou meu consentimento para o tratamento dos meus dados pessoais.<\/span><\/label><\/span><\/span><\/span>\n\t\t<\/p>\n\t<\/div>\n\t<div class=\"content-column\">\n\t\t<p><input class=\"wpcf7-form-control wpcf7-submit has-spinner btn btn-accent\" type=\"submit\" value=\"INVIA\" \/>\n\t\t<\/p>\n\t<\/div>\n<\/div><div class=\"wpcf7-response-output\" aria-hidden=\"true\"><\/div>\n<\/form>\n<\/div>\n<\/div><\/div>\t\t\t\t<\/div>\n\t\t\t\t<\/div>\n\t\t\t\t\t<\/div>\n\t\t\t\t<\/div>\n\t\t\t\t\t<\/div>\n\t\t\t\t<\/div>\n\t\t<div class=\"elementor-element elementor-element-aae1fd5 e-flex e-con-boxed e-con e-parent\" data-id=\"aae1fd5\" data-element_type=\"container\">\n\t\t\t\t\t<div class=\"e-con-inner\">\n\t\t<div class=\"elementor-element elementor-element-e04557b e-flex e-con-boxed e-con e-parent\" data-id=\"e04557b\" data-element_type=\"container\">\n\t\t\t\t\t<div class=\"e-con-inner\">\n\t\t\t\t<div class=\"elementor-element elementor-element-c825b56 elementor-widget elementor-widget-text-editor\" data-id=\"c825b56\" data-element_type=\"widget\" data-widget_type=\"text-editor.default\">\n\t\t\t\t<div class=\"elementor-widget-container\">\n\t\t\t\t\t\t\t\t\t<p><iframe style=\"border: 0;\" src=\"https:\/\/www.google.com\/maps\/embed?pb=!1m18!1m12!1m3!1d2787.308607109567!2d11.398722613120349!3d45.68477847095783!2m3!1f0!2f0!3f0!3m2!1i1024!2i768!4f13.1!3m3!1m2!1s0x4778b44534079c21%3A0xa03e434968d9b199!2sAMG%20Spa!5e0!3m2!1sit!2sit!4v1689065545840!5m2!1sit!2sit\" width=\"600\" height=\"450\" allowfullscreen=\"allowfullscreen\"><\/iframe><\/p>\n\t\t\t\t\t\t\t\t<\/div>\n\t\t\t\t<\/div>\n\t\t\t\t\t<\/div>\n\t\t\t\t<\/div>\n\t\t<div class=\"elementor-element elementor-element-dcc67ca e-flex e-con-boxed e-con e-parent\" data-id=\"dcc67ca\" data-element_type=\"container\">\n\t\t\t\t\t<div class=\"e-con-inner\">\n\t\t\t\t<div class=\"elementor-element elementor-element-ce01ac2 elementor-widget elementor-widget-text-editor\" data-id=\"ce01ac2\" data-element_type=\"widget\" data-widget_type=\"text-editor.default\">\n\t\t\t\t<div class=\"elementor-widget-container\">\n\t\t\t\t\t\t\t\t\tVia Delle Arti e Dei Mestieri, n\u00b0 1\/3\nSan Vito di Leguzzano, Vicenza Veneto, Italia\n\n<br><strong>Orari<\/strong>: h24<br><br><br><strong>Seguici sui social:<\/strong><br>instagram<br>facebook\t\t\t\t\t\t\t\t<\/div>\n\t\t\t\t<\/div>\n\t\t\t\t\t<\/div>\n\t\t\t\t<\/div>\n\t\t\t\t\t<\/div>\n\t\t\t\t<\/div>\n\t\t\t\t<\/div>\n\t\t","protected":false},"excerpt":{"rendered":"<p>Contacto Preenche o formul\u00e1rio para solicitar mais informa\u00e7\u00f5es, entraremos em contacto contigo o mais rapidamente poss\u00edvel A seguito dell\u2019informativa ricevuta fornisco il consenso al trattamento dei miei dati personali. Via Delle Arti e Dei Mestieri, n\u00b0 1\/3 San Vito di Leguzzano, Vicenza Veneto, Italia Orari: h24 Seguici sui social:instagramfacebook<\/p>\n","protected":false},"author":1,"featured_media":0,"parent":0,"menu_order":0,"comment_status":"closed","ping_status":"closed","template":"elementor_header_footer","meta":{"_acf_changed":false,"footnotes":""},"class_list":["post-3424","page","type-page","status-publish","hentry"],"acf":[],"yoast_head":"<!-- This site is optimized with the Yoast SEO plugin v26.3 - https:\/\/yoast.com\/wordpress\/plugins\/seo\/ -->\n<title>Contacto - Kalor stufe<\/title>\n<meta name=\"robots\" content=\"index, follow, max-snippet:-1, max-image-preview:large, max-video-preview:-1\" \/>\n<link rel=\"canonical\" href=\"https:\/\/kalorstufe.com\/pt-pt\/contacto\/\" \/>\n<meta property=\"og:locale\" content=\"pt_PT\" \/>\n<meta property=\"og:type\" content=\"article\" \/>\n<meta property=\"og:title\" content=\"Contacto - Kalor stufe\" \/>\n<meta property=\"og:description\" content=\"Contacto Preenche o formul\u00e1rio para solicitar mais informa\u00e7\u00f5es, entraremos em contacto contigo o mais rapidamente poss\u00edvel A seguito dell\u2019informativa ricevuta fornisco il consenso al trattamento dei miei dati personali. Via Delle Arti e Dei Mestieri, n\u00b0 1\/3 San Vito di Leguzzano, Vicenza Veneto, Italia Orari: h24 Seguici sui social:instagramfacebook\" \/>\n<meta property=\"og:url\" content=\"https:\/\/kalorstufe.com\/pt-pt\/contacto\/\" \/>\n<meta property=\"og:site_name\" content=\"Kalor stufe\" \/>\n<meta property=\"article:modified_time\" content=\"2025-02-11T20:50:20+00:00\" \/>\n<meta name=\"twitter:card\" content=\"summary_large_image\" \/>\n<script type=\"application\/ld+json\" class=\"yoast-schema-graph\">{\"@context\":\"https:\/\/schema.org\",\"@graph\":[{\"@type\":\"WebPage\",\"@id\":\"https:\/\/kalorstufe.com\/pt-pt\/contacto\/\",\"url\":\"https:\/\/kalorstufe.com\/pt-pt\/contacto\/\",\"name\":\"Contacto - Kalor stufe\",\"isPartOf\":{\"@id\":\"https:\/\/kalorstufe.com\/pt-pt\/#website\"},\"datePublished\":\"2023-07-10T15:11:18+00:00\",\"dateModified\":\"2025-02-11T20:50:20+00:00\",\"breadcrumb\":{\"@id\":\"https:\/\/kalorstufe.com\/pt-pt\/contacto\/#breadcrumb\"},\"inLanguage\":\"pt-PT\",\"potentialAction\":[{\"@type\":\"ReadAction\",\"target\":[\"https:\/\/kalorstufe.com\/pt-pt\/contacto\/\"]}]},{\"@type\":\"BreadcrumbList\",\"@id\":\"https:\/\/kalorstufe.com\/pt-pt\/contacto\/#breadcrumb\",\"itemListElement\":[{\"@type\":\"ListItem\",\"position\":1,\"name\":\"Home\",\"item\":\"https:\/\/kalorstufe.com\/pt-pt\/home\/\"},{\"@type\":\"ListItem\",\"position\":2,\"name\":\"Contacto\"}]},{\"@type\":\"WebSite\",\"@id\":\"https:\/\/kalorstufe.com\/pt-pt\/#website\",\"url\":\"https:\/\/kalorstufe.com\/pt-pt\/\",\"name\":\"Kalor stufe\",\"description\":\"Brand di stufe e caldaie a pellet e legna\",\"publisher\":{\"@id\":\"https:\/\/kalorstufe.com\/pt-pt\/#organization\"},\"potentialAction\":[{\"@type\":\"SearchAction\",\"target\":{\"@type\":\"EntryPoint\",\"urlTemplate\":\"https:\/\/kalorstufe.com\/pt-pt\/?s={search_term_string}\"},\"query-input\":{\"@type\":\"PropertyValueSpecification\",\"valueRequired\":true,\"valueName\":\"search_term_string\"}}],\"inLanguage\":\"pt-PT\"},{\"@type\":\"Organization\",\"@id\":\"https:\/\/kalorstufe.com\/pt-pt\/#organization\",\"name\":\"Kalor stufe\",\"url\":\"https:\/\/kalorstufe.com\/pt-pt\/\",\"logo\":{\"@type\":\"ImageObject\",\"inLanguage\":\"pt-PT\",\"@id\":\"https:\/\/kalorstufe.com\/pt-pt\/#\/schema\/logo\/image\/\",\"url\":\"https:\/\/kalorstufe.com\/wp-content\/uploads\/2022\/07\/logo-kalor-white.png\",\"contentUrl\":\"https:\/\/kalorstufe.com\/wp-content\/uploads\/2022\/07\/logo-kalor-white.png\",\"width\":391,\"height\":130,\"caption\":\"Kalor stufe\"},\"image\":{\"@id\":\"https:\/\/kalorstufe.com\/pt-pt\/#\/schema\/logo\/image\/\"}}]}<\/script>\n<!-- \/ Yoast SEO plugin. -->","yoast_head_json":{"title":"Contacto - Kalor stufe","robots":{"index":"index","follow":"follow","max-snippet":"max-snippet:-1","max-image-preview":"max-image-preview:large","max-video-preview":"max-video-preview:-1"},"canonical":"https:\/\/kalorstufe.com\/pt-pt\/contacto\/","og_locale":"pt_PT","og_type":"article","og_title":"Contacto - Kalor stufe","og_description":"Contacto Preenche o formul\u00e1rio para solicitar mais informa\u00e7\u00f5es, entraremos em contacto contigo o mais rapidamente poss\u00edvel A seguito dell\u2019informativa ricevuta fornisco il consenso al trattamento dei miei dati personali. Via Delle Arti e Dei Mestieri, n\u00b0 1\/3 San Vito di Leguzzano, Vicenza Veneto, Italia Orari: h24 Seguici sui social:instagramfacebook","og_url":"https:\/\/kalorstufe.com\/pt-pt\/contacto\/","og_site_name":"Kalor stufe","article_modified_time":"2025-02-11T20:50:20+00:00","twitter_card":"summary_large_image","schema":{"@context":"https:\/\/schema.org","@graph":[{"@type":"WebPage","@id":"https:\/\/kalorstufe.com\/pt-pt\/contacto\/","url":"https:\/\/kalorstufe.com\/pt-pt\/contacto\/","name":"Contacto - Kalor stufe","isPartOf":{"@id":"https:\/\/kalorstufe.com\/pt-pt\/#website"},"datePublished":"2023-07-10T15:11:18+00:00","dateModified":"2025-02-11T20:50:20+00:00","breadcrumb":{"@id":"https:\/\/kalorstufe.com\/pt-pt\/contacto\/#breadcrumb"},"inLanguage":"pt-PT","potentialAction":[{"@type":"ReadAction","target":["https:\/\/kalorstufe.com\/pt-pt\/contacto\/"]}]},{"@type":"BreadcrumbList","@id":"https:\/\/kalorstufe.com\/pt-pt\/contacto\/#breadcrumb","itemListElement":[{"@type":"ListItem","position":1,"name":"Home","item":"https:\/\/kalorstufe.com\/pt-pt\/home\/"},{"@type":"ListItem","position":2,"name":"Contacto"}]},{"@type":"WebSite","@id":"https:\/\/kalorstufe.com\/pt-pt\/#website","url":"https:\/\/kalorstufe.com\/pt-pt\/","name":"Kalor stufe","description":"Brand di stufe e caldaie a pellet e legna","publisher":{"@id":"https:\/\/kalorstufe.com\/pt-pt\/#organization"},"potentialAction":[{"@type":"SearchAction","target":{"@type":"EntryPoint","urlTemplate":"https:\/\/kalorstufe.com\/pt-pt\/?s={search_term_string}"},"query-input":{"@type":"PropertyValueSpecification","valueRequired":true,"valueName":"search_term_string"}}],"inLanguage":"pt-PT"},{"@type":"Organization","@id":"https:\/\/kalorstufe.com\/pt-pt\/#organization","name":"Kalor stufe","url":"https:\/\/kalorstufe.com\/pt-pt\/","logo":{"@type":"ImageObject","inLanguage":"pt-PT","@id":"https:\/\/kalorstufe.com\/pt-pt\/#\/schema\/logo\/image\/","url":"https:\/\/kalorstufe.com\/wp-content\/uploads\/2022\/07\/logo-kalor-white.png","contentUrl":"https:\/\/kalorstufe.com\/wp-content\/uploads\/2022\/07\/logo-kalor-white.png","width":391,"height":130,"caption":"Kalor stufe"},"image":{"@id":"https:\/\/kalorstufe.com\/pt-pt\/#\/schema\/logo\/image\/"}}]}},"_links":{"self":[{"href":"https:\/\/kalorstufe.com\/pt-pt\/wp-json\/wp\/v2\/pages\/3424","targetHints":{"allow":["GET"]}}],"collection":[{"href":"https:\/\/kalorstufe.com\/pt-pt\/wp-json\/wp\/v2\/pages"}],"about":[{"href":"https:\/\/kalorstufe.com\/pt-pt\/wp-json\/wp\/v2\/types\/page"}],"author":[{"embeddable":true,"href":"https:\/\/kalorstufe.com\/pt-pt\/wp-json\/wp\/v2\/users\/1"}],"replies":[{"embeddable":true,"href":"https:\/\/kalorstufe.com\/pt-pt\/wp-json\/wp\/v2\/comments?post=3424"}],"version-history":[{"count":1,"href":"https:\/\/kalorstufe.com\/pt-pt\/wp-json\/wp\/v2\/pages\/3424\/revisions"}],"predecessor-version":[{"id":3426,"href":"https:\/\/kalorstufe.com\/pt-pt\/wp-json\/wp\/v2\/pages\/3424\/revisions\/3426"}],"wp:attachment":[{"href":"https:\/\/kalorstufe.com\/pt-pt\/wp-json\/wp\/v2\/media?parent=3424"}],"curies":[{"name":"wp","href":"https:\/\/api.w.org\/{rel}","templated":true}]}}